{"id":415,"date":"2017-03-03T15:56:41","date_gmt":"2017-03-03T15:56:41","guid":{"rendered":"http:\/\/djmits.hu\/?page_id=415"},"modified":"2022-08-31T12:58:13","modified_gmt":"2022-08-31T12:58:13","slug":"rolam","status":"publish","type":"page","link":"https:\/\/djmits.hu\/?page_id=415","title":{"rendered":"R\u00f3lam"},"content":{"rendered":"<h3 style=\"text-align: justify;\"><span style=\"color: #000000;\"><strong>\u00dcdv\u00f6zl\u00f6m!<\/strong><\/span><\/h3>\n<h3 style=\"text-align: justify;\"><span style=\"color: #000000;\"><strong>Mits Roland vagyok, a sz\u00f3rakoztat\u00f3iparban DJ Mitsk\u00e9nt ismert lemezlovas.<\/strong><\/span><\/h3>\n<h3 style=\"text-align: justify;\"><span style=\"color: #000000;\"><strong>1990-ben sz\u00fclettem, m\u00e1r gyermekkorom \u00f3ta \u00e9rdekelt a zene \u00e9s a technika vil\u00e1ga. 17 \u00e9ves korom \u00f3ta lehet\u0151s\u00e9gem volt rendszeresen diszk\u00f3s pult m\u00f6g\u00e9 \u00e1llni.\u00a0\u00dagy \u00e9rzem becs\u00fclettel kij\u00e1rtam azt a bizonyos szam\u00e1rl\u00e9tr\u00e1t, \u00e9s m\u00e1ra zenei szolg\u00e1ltat\u00f3k\u00e9nt v\u00e9gzem munk\u00e1mat.<\/strong><\/span><\/h3>\n<p><a href=\"http:\/\/djmits.hu\/wp-content\/uploads\/2017\/03\/48180372_2415008688516168_6060673289628418048_o-sdgfdsfgdfg.jpg\"><img loading=\"lazy\" decoding=\"async\" class=\" wp-image-1105 aligncenter\" src=\"http:\/\/djmits.hu\/wp-content\/uploads\/2017\/03\/48180372_2415008688516168_6060673289628418048_o-sdgfdsfgdfg-300x200.jpg\" alt=\"\" width=\"374\" height=\"249\" srcset=\"https:\/\/djmits.hu\/wp-content\/uploads\/2017\/03\/48180372_2415008688516168_6060673289628418048_o-sdgfdsfgdfg-300x200.jpg 300w, https:\/\/djmits.hu\/wp-content\/uploads\/2017\/03\/48180372_2415008688516168_6060673289628418048_o-sdgfdsfgdfg-768x513.jpg 768w, https:\/\/djmits.hu\/wp-content\/uploads\/2017\/03\/48180372_2415008688516168_6060673289628418048_o-sdgfdsfgdfg-1024x684.jpg 1024w, https:\/\/djmits.hu\/wp-content\/uploads\/2017\/03\/48180372_2415008688516168_6060673289628418048_o-sdgfdsfgdfg.jpg 2048w\" sizes=\"auto, (max-width: 374px) 100vw, 374px\" \/><\/a><\/p>\n<h3 style=\"text-align: justify;\"><span style=\"color: #000000;\"><strong>Magam m\u00f6g\u00f6tt tudhatok m\u00e1r sz\u00e9p sz\u00e1m\u00fa esk\u00fcv\u0151t, c\u00e9ges \u00e9s priv\u00e1t rendezv\u00e9nyt, ny\u00e1ri fesztiv\u00e1lokat, rezidensi szerepet klubbokban \u00e9s rengeteg ismert hazai szt\u00e1rfell\u00e9p\u0151kkel k\u00f6z\u00f6s rendezv\u00e9nyt, \u00e9s megannyi el\u00e9gedett \u00fcgyfelet.<\/strong><\/span><br \/>\n<span style=\"color: #000000;\"> <strong> Jelenleg MAHASZ enged\u00e9llyel, jogtiszta zenei anyaggal, a Magyar DJ. Sz\u00f6vets\u00e9g tagjak\u00e9nt, dolgozom, mint Esk\u00fcv\u0151i-Rendezv\u00e9ny DJ.<\/strong><\/span><br \/>\n<span style=\"color: #000000;\"> <strong> B\u00edzom benne, hogy oldalamat \u00e9s szolg\u00e1ltat\u00e1saimat b\u00f6ng\u00e9szve megtal\u00e1lja mindazt, amire \u00d6nnek sz\u00fcks\u00e9ge van. F\u0151 tev\u00e9kenys\u00e9gem az Esk\u00fcv\u0151i DJ \u00e9s Rendezv\u00e9ny DJ!<\/strong><\/span><\/h3>\n<p>&nbsp;<\/p>\n<h3 style=\"text-align: justify;\"><span style=\"color: #000000;\"><strong>C\u00e9lom, hogy megrendel\u0151im \u00e9s vend\u00e9geim el\u00e9gedetten t\u00e1vozzanak a rendezv\u00e9ny v\u00e9g\u00e9n. Term\u00e9szetesen a kor elv\u00e1r\u00e1sainak megfelel\u0151en profi technik\u00e1val rendelkezem, \u00edgy b\u00e1rmely rendezv\u00e9nyen igaz\u00e1n sz\u00ednvonalasan tudok megjelenni, folyamatosan figyelve a fejleszt\u00e9sekre \u00e9s a trendekre!<\/strong><\/span><\/h3>\n<p><a href=\"http:\/\/djmits.hu\/wp-content\/uploads\/2017\/03\/IMG_8307.jpg\"><img loading=\"lazy\" decoding=\"async\" class=\"aligncenter wp-image-523 size-full\" src=\"http:\/\/djmits.hu\/wp-content\/uploads\/2017\/03\/IMG_8307.jpg\" width=\"2551\" height=\"946\" srcset=\"https:\/\/djmits.hu\/wp-content\/uploads\/2017\/03\/IMG_8307.jpg 2551w, https:\/\/djmits.hu\/wp-content\/uploads\/2017\/03\/IMG_8307-300x111.jpg 300w, https:\/\/djmits.hu\/wp-content\/uploads\/2017\/03\/IMG_8307-768x285.jpg 768w, https:\/\/djmits.hu\/wp-content\/uploads\/2017\/03\/IMG_8307-1024x380.jpg 1024w\" sizes=\"auto, (max-width: 2551px) 100vw, 2551px\" \/><\/a><\/p>\n","protected":false},"excerpt":{"rendered":"<p>\u00dcdv\u00f6zl\u00f6m! Mits Roland vagyok, a sz\u00f3rakoztat\u00f3iparban DJ Mitsk\u00e9nt ismert lemezlovas. 1990-ben sz\u00fclettem, m\u00e1r gyermekkorom \u00f3ta \u00e9rdekelt a zene \u00e9s a technika vil\u00e1ga. 17 \u00e9ves korom \u00f3ta lehet\u0151s\u00e9gem volt rendszeresen diszk\u00f3s pult m\u00f6g\u00e9 \u00e1llni.\u00a0\u00dagy \u00e9rzem becs\u00fclettel kij\u00e1rtam azt a bizonyos szam\u00e1rl\u00e9tr\u00e1t, \u00e9s m\u00e1ra zenei szolg\u00e1ltat\u00f3k\u00e9nt v\u00e9gzem munk\u00e1mat. Magam m\u00f6g\u00f6tt tudhatok m\u00e1r sz\u00e9p sz\u00e1m\u00fa esk\u00fcv\u0151t, c\u00e9ges \u00e9s [&hellip;]<\/p>\n","protected":false},"author":3,"featured_media":0,"parent":0,"menu_order":0,"comment_status":"closed","ping_status":"closed","template":"","meta":{"footnotes":""},"class_list":["post-415","page","type-page","status-publish","hentry"],"_links":{"self":[{"href":"https:\/\/djmits.hu\/index.php?rest_route=\/wp\/v2\/pages\/415","targetHints":{"allow":["GET"]}}],"collection":[{"href":"https:\/\/djmits.hu\/index.php?rest_route=\/wp\/v2\/pages"}],"about":[{"href":"https:\/\/djmits.hu\/index.php?rest_route=\/wp\/v2\/types\/page"}],"author":[{"embeddable":true,"href":"https:\/\/djmits.hu\/index.php?rest_route=\/wp\/v2\/users\/3"}],"replies":[{"embeddable":true,"href":"https:\/\/djmits.hu\/index.php?rest_route=%2Fwp%2Fv2%2Fcomments&post=415"}],"version-history":[{"count":17,"href":"https:\/\/djmits.hu\/index.php?rest_route=\/wp\/v2\/pages\/415\/revisions"}],"predecessor-version":[{"id":1129,"href":"https:\/\/djmits.hu\/index.php?rest_route=\/wp\/v2\/pages\/415\/revisions\/1129"}],"wp:attachment":[{"href":"https:\/\/djmits.hu\/index.php?rest_route=%2Fwp%2Fv2%2Fmedia&parent=415"}],"curies":[{"name":"wp","href":"https:\/\/api.w.org\/{rel}","templated":true}]}}