{"id":419,"date":"2017-03-03T15:57:30","date_gmt":"2017-03-03T15:57:30","guid":{"rendered":"http:\/\/djmits.hu\/?page_id=419"},"modified":"2017-05-02T12:19:08","modified_gmt":"2017-05-02T12:19:08","slug":"kapcsolat","status":"publish","type":"page","link":"https:\/\/djmits.hu\/?page_id=419","title":{"rendered":"Kapcsolat"},"content":{"rendered":"<h3 style=\"text-align: justify;\"><span style=\"text-decoration: underline; color: #000000;\"><strong><em>Kapcsolat:<\/em><\/strong><\/span><\/h3>\n<h3 style=\"text-align: justify;\"><strong><span style=\"color: #000000;\">Mits Roland \u2013 Esk\u00fcv\u0151i DJ (Veszpr\u00e9m)<\/span><\/strong><\/h3>\n<h3 style=\"text-align: justify;\"><strong><span style=\"color: #000000;\">Telefonsz\u00e1m: +3630\/665 7434<\/span><\/strong><\/h3>\n<h3 style=\"text-align: justify;\"><strong><span style=\"color: #000000;\">E-mail: dj.mits@hotmail.com<\/span><\/strong><\/h3>\n<h3 style=\"text-align: justify;\"><strong><span style=\"color: #000000;\">Fontos:\u00a0Minden e-mailre v\u00e1laszolok, amilyen gyorsan tudok. Sajnos azonban id\u0151nk\u00e9nt a levelem a\u00a0spam-ek k\u00f6z\u00f6tt\u00a0landol, ez\u00e9rt ha nem \u00e9rkezett v\u00e1lasz t\u0151lem, k\u00e9rem ott is n\u00e9zzen k\u00f6r\u00fcl!<\/span><\/strong><\/h3>\n<h3 style=\"text-align: justify;\"><strong><span style=\"color: #000000;\">Kapcsolatfelv\u00e9telhez \u00e9s \u00e1raj\u00e1nlatk\u00e9r\u00e9shez k\u00e9rem t\u00f6ltse ki az al\u00e1bbi mez\u0151ket. Az adatait bizalmasan kezelem.<\/span><\/strong><\/h3>\n\n<div class=\"wpcf7 no-js\" id=\"wpcf7-f813-o1\" lang=\"hu-HU\" dir=\"ltr\" data-wpcf7-id=\"813\">\n<div class=\"screen-reader-response\"><p role=\"status\" aria-live=\"polite\" aria-atomic=\"true\"><\/p> <ul><\/ul><\/div>\n<form action=\"\/index.php?rest_route=%2Fwp%2Fv2%2Fpages%2F419#wpcf7-f813-o1\" method=\"post\" class=\"wpcf7-form init\" aria-label=\"Kapcsolatfelv\u00e9teli \u0171rlap\" novalidate=\"novalidate\" data-status=\"init\">\n<fieldset class=\"hidden-fields-container\"><input type=\"hidden\" name=\"_wpcf7\" value=\"813\" \/><input type=\"hidden\" name=\"_wpcf7_version\" value=\"6.1.5\" \/><input type=\"hidden\" name=\"_wpcf7_locale\" value=\"hu_HU\" \/><input type=\"hidden\" name=\"_wpcf7_unit_tag\" value=\"wpcf7-f813-o1\" \/><input type=\"hidden\" name=\"_wpcf7_container_post\" value=\"0\" \/><input type=\"hidden\" name=\"_wpcf7_posted_data_hash\" value=\"\" \/><input type=\"hidden\" name=\"_wpcf7_recaptcha_response\" value=\"\" \/>\n<\/fieldset>\n<p><label> N\u00e9v: <span class=\"wpcf7-form-control-wrap\" data-name=\"your-name\"><input size=\"40\" maxlength=\"400\" class=\"wpcf7-form-control wpcf7-text wpcf7-validates-as-required\" aria-required=\"true\" aria-invalid=\"false\" value=\"\" type=\"text\" name=\"your-name\" \/><\/span> <\/label>\n<\/p>\n<p><label> Email c\u00edm: <span class=\"wpcf7-form-control-wrap\" data-name=\"your-email\"><input size=\"40\" maxlength=\"400\" class=\"wpcf7-form-control wpcf7-email wpcf7-validates-as-required wpcf7-text wpcf7-validates-as-email\" aria-required=\"true\" aria-invalid=\"false\" value=\"\" type=\"email\" name=\"your-email\" \/><\/span> <\/label>\n<\/p>\n<p><label> Telefonsz\u00e1m <span class=\"wpcf7-form-control-wrap\" data-name=\"tel-135\"><input size=\"40\" maxlength=\"400\" class=\"wpcf7-form-control wpcf7-tel wpcf7-text wpcf7-validates-as-tel\" aria-invalid=\"false\" value=\"\" type=\"tel\" name=\"tel-135\" \/><\/span> <\/label>\n<\/p>\n<p><label> Rendezv\u00e9ny id\u0151pontja: <span class=\"wpcf7-form-control-wrap\" data-name=\"text-idopont\"><input size=\"40\" maxlength=\"400\" class=\"wpcf7-form-control wpcf7-text wpcf7-validates-as-required\" aria-required=\"true\" aria-invalid=\"false\" value=\"\" type=\"text\" name=\"text-idopont\" \/><\/span> <\/label>\n<\/p>\n<p><label> Rendezv\u00e9ny helysz\u00edne: <span class=\"wpcf7-form-control-wrap\" data-name=\"text-helyszin\"><input size=\"40\" maxlength=\"400\" class=\"wpcf7-form-control wpcf7-text wpcf7-validates-as-required\" aria-required=\"true\" aria-invalid=\"false\" value=\"\" type=\"text\" name=\"text-helyszin\" \/><\/span> <\/label>\n<\/p>\n<p><label> Vend\u00e9gek sz\u00e1ma: <span class=\"wpcf7-form-control-wrap\" data-name=\"text-letszam\"><input size=\"40\" maxlength=\"400\" class=\"wpcf7-form-control wpcf7-text\" aria-invalid=\"false\" value=\"\" type=\"text\" name=\"text-letszam\" \/><\/span> <\/label>\n<\/p>\n<p><label> Honnan hallott r\u00f3lam? <\/label><br \/>\n<span class=\"wpcf7-form-control-wrap\" data-name=\"radio-honnan\"><span class=\"wpcf7-form-control wpcf7-radio\"><span class=\"wpcf7-list-item first\"><label><input type=\"radio\" name=\"radio-honnan\" value=\"Google Keres\u0151\" checked=\"checked\" \/><span class=\"wpcf7-list-item-label\">Google Keres\u0151<\/span><\/label><\/span><span class=\"wpcf7-list-item\"><label><input type=\"radio\" name=\"radio-honnan\" value=\"Facebook hirdet\u00e9s\" \/><span class=\"wpcf7-list-item-label\">Facebook hirdet\u00e9s<\/span><\/label><\/span><span class=\"wpcf7-list-item\"><label><input type=\"radio\" name=\"radio-honnan\" value=\"Ismer\u0151s aj\u00e1nlott\" \/><span class=\"wpcf7-list-item-label\">Ismer\u0151s aj\u00e1nlott<\/span><\/label><\/span><span class=\"wpcf7-list-item last\"><label><input type=\"radio\" name=\"radio-honnan\" value=\"Esk\u00fcv\u0151n, vagy buliban tal\u00e1lkoztunk\" \/><span class=\"wpcf7-list-item-label\">Esk\u00fcv\u0151n, vagy buliban tal\u00e1lkoztunk<\/span><\/label><\/span><\/span><\/span>\n<\/p>\n<p><label> \u00dczenet:<br \/>\n<span class=\"wpcf7-form-control-wrap\" data-name=\"textarea-uzenet\"><textarea cols=\"40\" rows=\"10\" maxlength=\"2000\" class=\"wpcf7-form-control wpcf7-textarea\" aria-invalid=\"false\" name=\"textarea-uzenet\"><\/textarea><\/span> <\/label>\n<\/p>\n<p><input class=\"wpcf7-form-control wpcf7-submit has-spinner\" type=\"submit\" value=\"K\u00fcld\u00e9s\" \/>\n<\/p><p style=\"display: none !important;\" class=\"akismet-fields-container\" data-prefix=\"_wpcf7_ak_\"><label>&#916;<textarea name=\"_wpcf7_ak_hp_textarea\" cols=\"45\" rows=\"8\" maxlength=\"100\"><\/textarea><\/label><input type=\"hidden\" id=\"ak_js_1\" name=\"_wpcf7_ak_js\" value=\"193\"\/><script type=\"text\/javascript\">\n\/* <![CDATA[ *\/\ndocument.getElementById( \"ak_js_1\" ).setAttribute( \"value\", ( new Date() ).getTime() );\n\/* ]]> *\/\n<\/script>\n<\/p><div class=\"wpcf7-response-output\" aria-hidden=\"true\"><\/div>\n<\/form>\n<\/div>\n\n<p>&nbsp;<\/p>\n","protected":false},"excerpt":{"rendered":"<p>Kapcsolat: Mits Roland \u2013 Esk\u00fcv\u0151i DJ (Veszpr\u00e9m) Telefonsz\u00e1m: +3630\/665 7434 E-mail: dj.mits@hotmail.com Fontos:\u00a0Minden e-mailre v\u00e1laszolok, amilyen gyorsan tudok. Sajnos azonban id\u0151nk\u00e9nt a levelem a\u00a0spam-ek k\u00f6z\u00f6tt\u00a0landol, ez\u00e9rt ha nem \u00e9rkezett v\u00e1lasz t\u0151lem, k\u00e9rem ott is n\u00e9zzen k\u00f6r\u00fcl! Kapcsolatfelv\u00e9telhez \u00e9s \u00e1raj\u00e1nlatk\u00e9r\u00e9shez k\u00e9rem t\u00f6ltse ki az al\u00e1bbi mez\u0151ket. Az adatait bizalmasan kezelem. &nbsp;<\/p>\n","protected":false},"author":3,"featured_media":0,"parent":0,"menu_order":0,"comment_status":"closed","ping_status":"closed","template":"","meta":{"footnotes":""},"class_list":["post-419","page","type-page","status-publish","hentry"],"_links":{"self":[{"href":"https:\/\/djmits.hu\/index.php?rest_route=\/wp\/v2\/pages\/419","targetHints":{"allow":["GET"]}}],"collection":[{"href":"https:\/\/djmits.hu\/index.php?rest_route=\/wp\/v2\/pages"}],"about":[{"href":"https:\/\/djmits.hu\/index.php?rest_route=\/wp\/v2\/types\/page"}],"author":[{"embeddable":true,"href":"https:\/\/djmits.hu\/index.php?rest_route=\/wp\/v2\/users\/3"}],"replies":[{"embeddable":true,"href":"https:\/\/djmits.hu\/index.php?rest_route=%2Fwp%2Fv2%2Fcomments&post=419"}],"version-history":[{"count":20,"href":"https:\/\/djmits.hu\/index.php?rest_route=\/wp\/v2\/pages\/419\/revisions"}],"predecessor-version":[{"id":1057,"href":"https:\/\/djmits.hu\/index.php?rest_route=\/wp\/v2\/pages\/419\/revisions\/1057"}],"wp:attachment":[{"href":"https:\/\/djmits.hu\/index.php?rest_route=%2Fwp%2Fv2%2Fmedia&parent=419"}],"curies":[{"name":"wp","href":"https:\/\/api.w.org\/{rel}","templated":true}]}}