{"id":423,"date":"2017-03-03T15:59:58","date_gmt":"2017-03-03T15:59:58","guid":{"rendered":"http:\/\/djmits.hu\/?page_id=423"},"modified":"2017-05-27T13:22:40","modified_gmt":"2017-05-27T13:22:40","slug":"referenciak","status":"publish","type":"page","link":"https:\/\/djmits.hu\/?page_id=423","title":{"rendered":"Referenci\u00e1k"},"content":{"rendered":"<h3 style=\"text-align: justify;\"><strong><span style=\"text-decoration: underline; color: #000000;\"><em>Esk\u00fcv\u0151 helysz\u00ednek:<\/em><\/span><\/strong><\/h3>\n<p style=\"text-align: justify;\"><a href=\"http:\/\/djmits.hu\/wp-content\/uploads\/2017\/03\/Bogi-Robi-FB-52.jpg\"><img loading=\"lazy\" decoding=\"async\" class=\"size-medium wp-image-477 alignright\" src=\"http:\/\/djmits.hu\/wp-content\/uploads\/2017\/03\/Bogi-Robi-FB-52-300x200.jpg\" alt=\"\" width=\"300\" height=\"200\" srcset=\"https:\/\/djmits.hu\/wp-content\/uploads\/2017\/03\/Bogi-Robi-FB-52-300x200.jpg 300w, https:\/\/djmits.hu\/wp-content\/uploads\/2017\/03\/Bogi-Robi-FB-52-768x513.jpg 768w, https:\/\/djmits.hu\/wp-content\/uploads\/2017\/03\/Bogi-Robi-FB-52-1024x684.jpg 1024w, https:\/\/djmits.hu\/wp-content\/uploads\/2017\/03\/Bogi-Robi-FB-52.jpg 2048w\" sizes=\"auto, (max-width: 300px) 100vw, 300px\" \/><\/a><\/p>\n<h3 style=\"text-align: justify;\"><span style=\"color: #000000;\"><strong>-Gizella Hotel \u00e9s \u00c9tterem (Veszpr\u00e9m)<\/strong><\/span><br \/>\n<span style=\"color: #000000;\"><strong>-V\u00f6lgyik\u00fat \u00c9tterem (Veszpr\u00e9m)<\/strong><\/span><br \/>\n<span style=\"color: #000000;\"><strong>-Kreinbacher Birtok (Soml\u00f3-hegy)<\/strong><\/span><br \/>\n<span style=\"color: #000000;\"><strong>-Tornai Pinc\u00e9szet (Soml\u00f3-hegy)<\/strong><\/span><br \/>\n<span style=\"color: #000000;\"><strong>-G\u00e9mesk\u00fat \u00c9tterem (Sukor\u00f3)<\/strong><\/span><br \/>\n<span style=\"color: #000000;\"><strong>-Anna Grand Hotel \u00e9s \u00c9tterem (Balatonf\u00fcred)<\/strong><\/span><br \/>\n<span style=\"color: #000000;\"><strong>-Kakukk \u00c9tterem (B\u00e1nd)<\/strong><\/span><br \/>\n<span style=\"color: #000000;\"><strong>-Szent Gy\u00f6rgy-Pince (Hegymagas)<\/strong><\/span><br \/>\n<span style=\"color: #000000;\"><strong>-Hotel Marina Port (Balatonkenese)<\/strong><\/span><\/h3>\n<h3 style=\"text-align: justify;\"><span style=\"text-decoration: underline; color: #000000;\"><strong><em>Rendezv\u00e9nyek-Fell\u00e9p\u00e9sek:<\/em><\/strong><\/span><\/h3>\n<p style=\"text-align: justify;\"><a href=\"http:\/\/djmits.hu\/wp-content\/uploads\/2017\/03\/20150628_031919.png\"><img loading=\"lazy\" decoding=\"async\" class=\"size-medium wp-image-1029 alignright\" src=\"http:\/\/djmits.hu\/wp-content\/uploads\/2017\/03\/20150628_031919-300x200.png\" alt=\"\" width=\"300\" height=\"200\" srcset=\"https:\/\/djmits.hu\/wp-content\/uploads\/2017\/03\/20150628_031919-300x200.png 300w, https:\/\/djmits.hu\/wp-content\/uploads\/2017\/03\/20150628_031919-768x512.png 768w, https:\/\/djmits.hu\/wp-content\/uploads\/2017\/03\/20150628_031919-1024x683.png 1024w, https:\/\/djmits.hu\/wp-content\/uploads\/2017\/03\/20150628_031919.png 1920w\" sizes=\"auto, (max-width: 300px) 100vw, 300px\" \/><\/a><\/p>\n<h3 style=\"text-align: justify;\"><span style=\"color: #000000;\"><strong>-Beach Fesztiv\u00e1l (Balatonf\u0171zf\u0151)<\/strong><\/span><br \/>\n<span style=\"color: #000000;\"><strong>-P\u00e9csi S\u00f6rh\u00e1z (P\u00e9cs)<\/strong><\/span><br \/>\n<span style=\"color: #000000;\"><strong>-Mignon k\u00e1v\u00e9z\u00f3 (Veszpr\u00e9m)<\/strong><\/span><br \/>\n<span style=\"color: #000000;\"><strong>-BlisSs (Veszpr\u00e9m)<\/strong><\/span><br \/>\n<span style=\"color: #000000;\"><strong>-DC (Veszpr\u00e9m)<\/strong><\/span><br \/>\n<span style=\"color: #000000;\"><strong>-Other Side (Veszpr\u00e9m)<\/strong><\/span><br \/>\n<span style=\"color: #000000;\"><strong>-Rock Caf\u00e9 (Budatava)<\/strong><\/span><br \/>\n<span style=\"color: #000000;\"><strong>-Holdf\u00e9ny Klub (Dudar)<\/strong><\/span><br \/>\n<span style=\"color: #000000;\"><strong>-Bridge Klub (Gy\u0151r)<\/strong><\/span><br \/>\n<span style=\"color: #000000;\"><strong>-Pannon Egyetem G\u00f3lyat\u00e1bor (Keszthely)<\/strong><\/span><br \/>\n<span style=\"color: #000000;\"><strong>-Egyetemi Napok \u2013 VEN (Veszpr\u00e9m)<\/strong><\/span><br \/>\n<span style=\"color: #000000;\"><strong>-B\u00e1rmi Dreams Cafe (Balatonf\u00fcred)<\/strong><\/span><br \/>\n<span style=\"color: #000000;\"><strong>-L\u00e1jk Klub (Balatonf\u00fcred)<\/strong><\/span><br \/>\n<span style=\"color: #000000;\"><strong>-Al Capone Pizza&amp;Caffe Bar (Gyulafir\u00e1t\u00f3t)<\/strong><\/span><br \/>\n<span style=\"color: #000000;\"><strong>-Faluh\u00e1z (Nagyv\u00e1zsony)<\/strong><\/span><\/h3>\n","protected":false},"excerpt":{"rendered":"<p>Esk\u00fcv\u0151 helysz\u00ednek: -Gizella Hotel \u00e9s \u00c9tterem (Veszpr\u00e9m) -V\u00f6lgyik\u00fat \u00c9tterem (Veszpr\u00e9m) -Kreinbacher Birtok (Soml\u00f3-hegy) -Tornai Pinc\u00e9szet (Soml\u00f3-hegy) -G\u00e9mesk\u00fat \u00c9tterem (Sukor\u00f3) -Anna Grand Hotel \u00e9s \u00c9tterem (Balatonf\u00fcred) -Kakukk \u00c9tterem (B\u00e1nd) -Szent Gy\u00f6rgy-Pince (Hegymagas) -Hotel Marina Port (Balatonkenese) Rendezv\u00e9nyek-Fell\u00e9p\u00e9sek: -Beach Fesztiv\u00e1l (Balatonf\u0171zf\u0151) -P\u00e9csi S\u00f6rh\u00e1z (P\u00e9cs) -Mignon k\u00e1v\u00e9z\u00f3 (Veszpr\u00e9m) -BlisSs (Veszpr\u00e9m) -DC (Veszpr\u00e9m) -Other Side (Veszpr\u00e9m) -Rock Caf\u00e9 (Budatava) [&hellip;]<\/p>\n","protected":false},"author":3,"featured_media":0,"parent":0,"menu_order":0,"comment_status":"closed","ping_status":"closed","template":"","meta":{"footnotes":""},"class_list":["post-423","page","type-page","status-publish","hentry"],"_links":{"self":[{"href":"https:\/\/djmits.hu\/index.php?rest_route=\/wp\/v2\/pages\/423","targetHints":{"allow":["GET"]}}],"collection":[{"href":"https:\/\/djmits.hu\/index.php?rest_route=\/wp\/v2\/pages"}],"about":[{"href":"https:\/\/djmits.hu\/index.php?rest_route=\/wp\/v2\/types\/page"}],"author":[{"embeddable":true,"href":"https:\/\/djmits.hu\/index.php?rest_route=\/wp\/v2\/users\/3"}],"replies":[{"embeddable":true,"href":"https:\/\/djmits.hu\/index.php?rest_route=%2Fwp%2Fv2%2Fcomments&post=423"}],"version-history":[{"count":12,"href":"https:\/\/djmits.hu\/index.php?rest_route=\/wp\/v2\/pages\/423\/revisions"}],"predecessor-version":[{"id":1101,"href":"https:\/\/djmits.hu\/index.php?rest_route=\/wp\/v2\/pages\/423\/revisions\/1101"}],"wp:attachment":[{"href":"https:\/\/djmits.hu\/index.php?rest_route=%2Fwp%2Fv2%2Fmedia&parent=423"}],"curies":[{"name":"wp","href":"https:\/\/api.w.org\/{rel}","templated":true}]}}