{"id":429,"date":"2017-03-03T16:00:51","date_gmt":"2017-03-03T16:00:51","guid":{"rendered":"http:\/\/djmits.hu\/?page_id=429"},"modified":"2017-03-23T02:45:04","modified_gmt":"2017-03-23T02:45:04","slug":"eskuvoi-dj","status":"publish","type":"page","link":"https:\/\/djmits.hu\/","title":{"rendered":"Esk\u00fcv\u0151i DJ"},"content":{"rendered":"<h3 style=\"text-align: justify;\"><strong><span style=\"color: #000000;\">Esk\u00fcv\u0151 Dj-t keres a 60-as, 70-es, 80-as, 90-es \u00e9vek sl\u00e1gereivel, valamint Latin, Funky, RnB, Dance, Rock &amp; Roll, Rock \u00e9s az Alternat\u00edv zenest\u00edlus klasszikusaival, r\u00e9gi \u00e9s \u00faj, napjaink kedvenceivel, klasszikus lakodalmas zen\u00e9ivel?<\/span><\/strong><br \/>\n<strong> <span style=\"color: #000000;\"> \u00c9vr\u0151l \u00e9vre \u00fajabb \u00e9s \u00fajabb koroszt\u00e1lyok d\u00f6ntenek a h\u00e1zass\u00e1g mellett, v\u00e1ltozott \u00e9s v\u00e1ltozik folyamatosan az \u00e9vek sor\u00e1n az esk\u00fcv\u0151k jellege, programja is, alkalmazkodva az ifj\u00fa p\u00e1rok ig\u00e9nyeihez, \u00edzl\u00e9svil\u00e1g\u00e1hoz. M\u00e9rt\u00e9kad\u00f3 becsl\u00e9sek szerint ma m\u00e1r az esk\u00fcv\u0151k t\u00f6bb mint fel\u00e9ben DJ (is) szolg\u00e1ltatja a zen\u00e9t.<\/span><\/strong><\/h3>\n<h2><a href=\"http:\/\/djmits.hu\/wp-content\/uploads\/2017\/02\/Arab-Persian-wedding_36-e1487886782282.jpg\"><img loading=\"lazy\" decoding=\"async\" class=\"aligncenter wp-image-191 size-large\" src=\"http:\/\/djmits.hu\/wp-content\/uploads\/2017\/02\/Arab-Persian-wedding_36-e1487886782282-1024x675.jpg\" width=\"525\" height=\"346\" srcset=\"https:\/\/djmits.hu\/wp-content\/uploads\/2017\/02\/Arab-Persian-wedding_36-e1487886782282-1024x675.jpg 1024w, https:\/\/djmits.hu\/wp-content\/uploads\/2017\/02\/Arab-Persian-wedding_36-e1487886782282-300x198.jpg 300w, https:\/\/djmits.hu\/wp-content\/uploads\/2017\/02\/Arab-Persian-wedding_36-e1487886782282-768x506.jpg 768w\" sizes=\"auto, (max-width: 525px) 100vw, 525px\" \/><\/a><\/h2>\n<h2><\/h2>\n<h3><strong><span style=\"color: #000000;\">Ha azt szeretn\u00e9, hogy a n\u00e1szn\u00e9p egy igaz\u00e1n j\u00f3 hangulat\u00fa bulir\u00f3l besz\u00e9ljen sok\u00e1ig, ha a hagyom\u00e1nyokat meg\u0151rizve, vagy ha nem felt\u00e9tlen\u00fcl ragaszkodik a hagyom\u00e1nyokhoz, hanem, ink\u00e1bb egy eleg\u00e1nsabb partit szeretn\u00e9nek az esk\u00fcv\u0151re akkor a legjobb helyen j\u00e1r! Az \u00e1ltalam ny\u00fajtott esk\u00fcv\u0151i Dj szolg\u00e1ltat\u00e1s a lehet\u0151 legjobb megold\u00e1s lehet \u00e9let\u00fck legszebb napj\u00e1n. Amit biztosan garant\u00e1lni tudok. V\u00e1ltozatos zene, h\u00e1zibuli hangulat, a klasszikus retro dalokon kereszt\u00fcl eg\u00e9szen napjaink legnagyobb sl\u00e1ger\u00e9ig.<\/span><\/strong><strong><span style=\"color: #000000;\">Esk\u00fcv\u0151 \u00e9s Parti Dj-k\u00e9nt \u00e1ll\u00edthatom nem kis felel\u0151ss\u00e9g eld\u00f6nteni, milyen zene sz\u00f3rakoztassa a n\u00e1szn\u00e9pet az esk\u00fcv\u0151j\u00fck\u00f6n. Ez\u00e9rt figyelembe kell venni\u00fck a vend\u00e9gek \u00f6sszet\u00e9tel\u00e9t, \u00e9letkor\u00e1t, \u00e9s persze az \u00f6n\u00f6k ig\u00e9nyei sem mell\u00e9kesek, hiszen ez \u00e9let\u00fck egyik kiemelked\u0151 napja! Egy Dj-n\u00e9l nincsenek hamis hangok \u00e9s elrontott dalsz\u00f6vegek, legyen az 60-as, 70-es, 80-as, 90-es \u00e9vek sl\u00e1gereivel, valamint Latin, Funky, RnB, Dance, Rock &amp; Roll, Rock klasszikusai!<\/span><\/strong><\/h3>\n<h2><span style=\"color: #000000;\"><strong><a style=\"color: #000000;\" href=\"http:\/\/djmits.hu\/wp-content\/uploads\/2017\/02\/perfect-wedding-planning.jpg\"><img loading=\"lazy\" decoding=\"async\" class=\"aligncenter wp-image-207 size-large\" src=\"http:\/\/djmits.hu\/wp-content\/uploads\/2017\/02\/perfect-wedding-planning-1024x683.jpg\" width=\"525\" height=\"350\" srcset=\"https:\/\/djmits.hu\/wp-content\/uploads\/2017\/02\/perfect-wedding-planning-1024x683.jpg 1024w, https:\/\/djmits.hu\/wp-content\/uploads\/2017\/02\/perfect-wedding-planning-300x200.jpg 300w, https:\/\/djmits.hu\/wp-content\/uploads\/2017\/02\/perfect-wedding-planning-768x512.jpg 768w\" sizes=\"auto, (max-width: 525px) 100vw, 525px\" \/><\/a><\/strong><\/span><\/h2>\n<h3><strong><span style=\"color: #000000;\">Az esk\u00fcv\u0151k\u00f6n a klasszikus, j\u00f3l megszokott lakodalmas zen\u00e9k, melyeket \u00e1ltal\u00e1ban eredeti verzi\u00f3ban j\u00e1tszom, kiv\u00e1l\u00f3an p\u00e1ros\u00edthat\u00f3ak a Retro Disco \u00e9s a mai sl\u00e1gerek hangulat\u00e1val, \u00edgy igaz\u00e1n eml\u00e9kezetes lehet \u00e9let\u00fck legszebb napja. N\u00e1lam nincsenek rejtett k\u00f6lts\u00e9gek! 100% \u00c1rgarancia!<\/span><\/strong><strong><span style=\"color: #000000;\">Minden esetben a szem\u00e9lyes tal\u00e1lkoz\u00f3n megbesz\u00e9ltek szerint, az esk\u00fcv\u0151re \u00e9n megyek, \u00edgy biztosak lehetnek benne, hogy az a szem\u00e9ly sz\u00f3rakoztatja majd \u00d6n\u00f6ket, akivel kialakult a szem\u00e9lyes szimp\u00e1tia.\u00a0<\/span><\/strong><\/h3>\n<h3 style=\"text-align: justify;\"><span style=\"color: #000000;\"><strong><a style=\"color: #000000;\" href=\"http:\/\/djmits.hu\/wp-content\/uploads\/2017\/02\/BG-Crowd-Shot-2.jpg\"><img loading=\"lazy\" decoding=\"async\" class=\"aligncenter wp-image-197 size-large\" src=\"http:\/\/djmits.hu\/wp-content\/uploads\/2017\/02\/BG-Crowd-Shot-2-1024x684.jpg\" width=\"525\" height=\"351\" srcset=\"https:\/\/djmits.hu\/wp-content\/uploads\/2017\/02\/BG-Crowd-Shot-2-1024x684.jpg 1024w, https:\/\/djmits.hu\/wp-content\/uploads\/2017\/02\/BG-Crowd-Shot-2-300x200.jpg 300w, https:\/\/djmits.hu\/wp-content\/uploads\/2017\/02\/BG-Crowd-Shot-2-768x513.jpg 768w\" sizes=\"auto, (max-width: 525px) 100vw, 525px\" \/><\/a><\/strong><\/span><br \/>\n<strong><span style=\"color: #000000;\"> DJ vagy zenekar?<\/span><\/strong><\/h3>\n<h3><strong><span style=\"color: #000000;\">\u00d6r\u00f6k \u00e9rv\u00e9ny\u0171 k\u00e9rd\u00e9s, amely szinte minden esk\u00fcv\u0151 szervez\u00e9s\u00e9n\u00e9l felmer\u00fcl. Sz\u00e1mos dologra \u00e9rdemes odafigyelni, amikor zenekar felk\u00e9r\u00e9s\u00e9n gondolkodunk:<\/span><\/strong><br \/>\n<strong> <span style=\"color: #000000;\"> Val\u00f3ban \u00e9l\u0151ben j\u00e1tszik-e a zenekar?<\/span><\/strong><br \/>\n<strong> <span style=\"color: #000000;\"> Val\u00f3ban m\u0171sort, produkci\u00f3t ad-e a zenekar, vagy csak olcs\u00f3 szintetiz\u00e1torokkal, l\u00e9lektelen\u00fcl elj\u00e1tssz\u00e1k a legismertebb sl\u00e1gerek rossz feldolgoz\u00e1sait?<\/span><\/strong><br \/>\n<strong> <span style=\"color: #000000;\"> Rendelkez\u00e9sre \u00e1ll-e a megfelel\u0151 infrastukt\u00fara (helysz\u00edn, sz\u00ednpad, hang- \u00e9s f\u00e9nytechnika, stb.) ahhoz, hogy a zenekari produkci\u00f3nak t\u00e9nylegesen \u00e9rtelme legyen?<\/span><\/strong><strong><span style=\"color: #000000;\">\u00d6sszess\u00e9g\u00e9ben elmondhat\u00f3, hogy amennyiben a k\u00f6lts\u00e9gvet\u00e9sbe belef\u00e9r, jelent\u0151sen fel tudja dobni az esem\u00e9nyt egy j\u00f3 zenekar.<\/span><\/strong><br \/>\n<strong> <span style=\"color: #000000;\"> Nagyon fontos azonban, hogy ez val\u00f3ban egy sz\u00ednvonalasan zen\u00e9l\u0151, igazi muzsikusokb\u00f3l \u00e1ll\u00f3, referenci\u00e1kkal rendelkez\u0151, produkci\u00f3k\u00e9pes zenekar legyen. \u00c9S NE J\u00c1TSSZON EG\u00c9SZ ESTE! Egy kb. egy \u00f3r\u00e1s m\u0171sort ad\u00f3, val\u00f3ban zenekark\u00e9nt m\u0171k\u00f6d\u0151, sz\u00ednpadi koreogr\u00e1fi\u00e1val, fix reperto\u00e1rral rendelkez\u0151, esetleg saj\u00e1t sz\u00e1mokat is j\u00e1tsz\u00f3 zenekar \u00e1ltal\u00e1ban sokkal \u00e9rt\u00e9kesebb, mint egy \u2013 ak\u00e1r kevesebb p\u00e9nz\u00e9rt is \u2013 eg\u00e9sz este j\u00e1tsz\u00f3 f\u00e9l-amat\u0151r vend\u00e9gl\u00e1t\u00f3s csapat. A r\u00f6vid, kifejezetten koncert jelleg\u0171 m\u0171sor sz\u00ednes\u00edti, gazdag\u00edtja az esk\u00fcv\u0151 programj\u00e1t, m\u00edg a hossz\u00fa \u00f3r\u00e1kon kereszt\u00fcl j\u00e1tszott, egy hangsz\u00ednen el\u0151adott dalok kifejezetten leh\u00fazz\u00e1k azt.<\/span><\/strong><\/h3>\n<h2><span style=\"color: #000000;\"><strong><a style=\"color: #000000;\" href=\"http:\/\/djmits.hu\/wp-content\/uploads\/2017\/02\/Wedding-Party-at-Recpetion-with-Confetti.jpg\"><img loading=\"lazy\" decoding=\"async\" class=\"aligncenter wp-image-199 \" src=\"http:\/\/djmits.hu\/wp-content\/uploads\/2017\/02\/Wedding-Party-at-Recpetion-with-Confetti.jpg\" alt=\"\" width=\"561\" height=\"373\" srcset=\"https:\/\/djmits.hu\/wp-content\/uploads\/2017\/02\/Wedding-Party-at-Recpetion-with-Confetti.jpg 800w, https:\/\/djmits.hu\/wp-content\/uploads\/2017\/02\/Wedding-Party-at-Recpetion-with-Confetti-300x200.jpg 300w, https:\/\/djmits.hu\/wp-content\/uploads\/2017\/02\/Wedding-Party-at-Recpetion-with-Confetti-768x511.jpg 768w\" sizes=\"auto, (max-width: 561px) 100vw, 561px\" \/><\/a><\/strong><\/span><\/h2>\n<h3><strong><span style=\"color: #000000;\">Elgondolkodott azon, hogy a kedvenc dal\u00e1t, amit a zen\u00e9szek nem igaz\u00e1n ismernek, vajon, hogy fogj\u00e1k elj\u00e1tszani?<\/span><\/strong><br \/>\n<strong> <span style=\"color: #000000;\"> Esk\u00fcv\u0151i Dj szolg\u00e1ltat\u00e1som kiterjed a h\u00e1zibulikt\u00f3l, a kiemelked\u0151 esem\u00e9nyekkel kapcsolatban jelentkez\u0151 egyedi, k\u00fcl\u00f6nleges ig\u00e9nyek kiel\u00e9g\u00edt\u00e9s\u00e9ig \u00e9s azoknak aj\u00e1nlom akik egyedi est\u00e9t szeretn\u00e9nek, legyen az lakodalom, l\u00e1ny \u00e9s leg\u00e9nyb\u00facs\u00fa, sz\u00fclet\u00e9snap, retro party, c\u00e9ges rendezv\u00e9ny, farsang, szilveszteri mulats\u00e1g vagy b\u00e1rmilyen fel nem sorolt \u201cjeles\u201d alkalom. Tov\u00e1bb\u00e1 v\u00e1llalom a polg\u00e1ri szertart\u00e1s hangos\u00edt\u00e1s\u00e1t is az el\u0151re megbesz\u00e9lt dalokkal \u00e9s \u00f6ssze\u00e1ll\u00edt\u00e1sokkal.<\/span><\/strong><strong><span style=\"color: #000000;\">A legl\u00e9nyegesebb pont, hogy egy esk\u00fcv\u0151i dj. milyen st\u00edlus\u00fa zen\u00e9kkel sz\u00f3rakoztatja a vend\u00e9geket.<\/span><\/strong><\/h3>\n<h3 style=\"text-align: justify;\"><strong><span style=\"color: #000000;\"><u>Az eddigi tapasztalatok alapj\u00e1n a k\u00f6zkedvelt st\u00edlusok:<\/u><\/span><\/strong><br \/>\n<strong> <span style=\"color: #000000;\"> \u2022 retro disco (70-es, 80-as, 90-es \u00e9vek sl\u00e1gerei)<\/span><\/strong><br \/>\n<strong> <span style=\"color: #000000;\"> \u2022 rock and roll<\/span><\/strong><br \/>\n<strong> <span style=\"color: #000000;\"> \u2022 latin<\/span><\/strong><br \/>\n<strong> <span style=\"color: #000000;\"> \u2022 jazz<\/span><\/strong><br \/>\n<strong> <span style=\"color: #000000;\"> \u2022 funky<\/span><\/strong><br \/>\n<strong> <span style=\"color: #000000;\"> \u2022 r\u2019n\u2019b<\/span><\/strong><br \/>\n<strong> <span style=\"color: #000000;\"> \u2022 rock<\/span><\/strong><br \/>\n<strong> <span style=\"color: #000000;\"> \u2022 club zen\u00e9k: dance, house<\/span><\/strong><br \/>\n<strong> <span style=\"color: #000000;\"> \u2022 napjaink aktu\u00e1lis pop sl\u00e1gerei<\/span><\/strong><\/h3>\n<h3 style=\"text-align: justify;\"><strong><span style=\"color: #000000;\">Term\u00e9szetesen els\u0151sorban a megrendel\u0151 k\u00e9r\u00e9sei a m\u00e9rvad\u00f3ak!<\/span><\/strong><\/h3>\n","protected":false},"excerpt":{"rendered":"<p>Esk\u00fcv\u0151 Dj-t keres a 60-as, 70-es, 80-as, 90-es \u00e9vek sl\u00e1gereivel, valamint Latin, Funky, RnB, Dance, Rock &amp; Roll, Rock \u00e9s az Alternat\u00edv zenest\u00edlus klasszikusaival, r\u00e9gi \u00e9s \u00faj, napjaink kedvenceivel, klasszikus lakodalmas zen\u00e9ivel? \u00c9vr\u0151l \u00e9vre \u00fajabb \u00e9s \u00fajabb koroszt\u00e1lyok d\u00f6ntenek a h\u00e1zass\u00e1g mellett, v\u00e1ltozott \u00e9s v\u00e1ltozik folyamatosan az \u00e9vek sor\u00e1n az esk\u00fcv\u0151k jellege, programja is, alkalmazkodva [&hellip;]<\/p>\n","protected":false},"author":3,"featured_media":0,"parent":0,"menu_order":0,"comment_status":"closed","ping_status":"closed","template":"","meta":{"footnotes":""},"class_list":["post-429","page","type-page","status-publish","hentry"],"_links":{"self":[{"href":"https:\/\/djmits.hu\/index.php?rest_route=\/wp\/v2\/pages\/429","targetHints":{"allow":["GET"]}}],"collection":[{"href":"https:\/\/djmits.hu\/index.php?rest_route=\/wp\/v2\/pages"}],"about":[{"href":"https:\/\/djmits.hu\/index.php?rest_route=\/wp\/v2\/types\/page"}],"author":[{"embeddable":true,"href":"https:\/\/djmits.hu\/index.php?rest_route=\/wp\/v2\/users\/3"}],"replies":[{"embeddable":true,"href":"https:\/\/djmits.hu\/index.php?rest_route=%2Fwp%2Fv2%2Fcomments&post=429"}],"version-history":[{"count":18,"href":"https:\/\/djmits.hu\/index.php?rest_route=\/wp\/v2\/pages\/429\/revisions"}],"predecessor-version":[{"id":1069,"href":"https:\/\/djmits.hu\/index.php?rest_route=\/wp\/v2\/pages\/429\/revisions\/1069"}],"wp:attachment":[{"href":"https:\/\/djmits.hu\/index.php?rest_route=%2Fwp%2Fv2%2Fmedia&parent=429"}],"curies":[{"name":"wp","href":"https:\/\/api.w.org\/{rel}","templated":true}]}}