{"id":541,"date":"2017-03-04T20:03:29","date_gmt":"2017-03-04T20:03:29","guid":{"rendered":"http:\/\/djmits.hu\/?page_id=541"},"modified":"2024-01-02T19:32:10","modified_gmt":"2024-01-02T19:32:10","slug":"technikai-info","status":"publish","type":"page","link":"https:\/\/djmits.hu\/?page_id=541","title":{"rendered":"Technikai inf\u00f3"},"content":{"rendered":"<h3 style=\"text-align: left;\"><strong><em>A felhaszn\u00e1lt hangtechnika:<\/em><\/strong><\/h3>\n<p><img decoding=\"async\" style=\"width: 150px;\" src=\"https:\/\/djmits.hu\/wp-content\/uploads\/2022\/08\/rcf_art_715-a_mk4_2800_watt_active_speaker_package_2-290x300.jpg\" alt=\"\" \/><br \/>\n<strong><strong>2 db Rcf Art 715-A Mk4 akt\u00edv hangfal p\u00e1r<br \/>\n<\/strong><\/strong><\/p>\n<hr \/>\n<p><strong>\u00a0<\/strong><\/p>\n<p><img decoding=\"async\" style=\"width: 200px;\" src=\"https:\/\/djmits.hu\/wp-content\/uploads\/2022\/08\/pioneer-dj-xdj-rx3.jpg\" alt=\"\" \/><br \/>\n<strong><strong>1 db Pioneer\u00a0 Xdj-Rx3 dj pult<br \/>\n<\/strong><\/strong><\/p>\n<hr \/>\n<p><strong>\u00a0<\/strong><\/p>\n<p><img decoding=\"async\" style=\"width: 200px;\" src=\"https:\/\/djmits.hu\/wp-content\/uploads\/2022\/08\/DMS300Vocal-150x150.jpg\" alt=\"\" \/><br \/>\n<strong><strong>1 db Akg Dms300-Vocal mikrofon<br \/>\n<\/strong><\/strong><\/p>\n<hr \/>\n<p><strong>\u00a0<\/strong><\/p>\n<p><strong><strong>1 db K\u00f6nig &amp; Meyer mikrofon\u00e1llv\u00e1ny<br \/>\n<\/strong><\/strong><\/p>\n<hr \/>\n<p><strong>\u00a0<\/strong><\/p>\n<h3 style=\"text-align: left;\"><em><strong>A felhaszn\u00e1lt f\u00e9nytechnika:<\/strong><\/em><\/h3>\n<p><img decoding=\"async\" style=\"width: 200px;\" src=\"https:\/\/djmits.hu\/wp-content\/uploads\/2022\/08\/GigBAR-2-RIGHT-included-2.jpg\" alt=\"\" \/><br \/>\n<strong><strong>2 db Chauvet GigBar 2.0<br \/>\n<\/strong><\/strong><\/p>\n<hr \/>\n<p><strong>\u00a0<\/strong><\/p>\n<p><img decoding=\"async\" style=\"width: 200px;\" src=\"https:\/\/djmits.hu\/wp-content\/uploads\/2022\/08\/beamz-s700-1024x784.jpg\" alt=\"\" \/><br \/>\n<strong><strong>1 db\u2002BeamZ S700 f\u00fcstg\u00e9p<br \/>\n<\/strong><\/strong><\/p>\n<hr \/>\n<p><strong>\u00a0<\/strong><\/p>\n<h3 style=\"text-align: left;\"><\/h3>\n<h3 style=\"text-align: left;\">Vizu\u00e1lis ig\u00e9nyek eset\u00e9n: Ape Labs Apelight Maxi (12 db) &#8211; RGB Falfest\u00e9s (b\u00e9relhet\u0151)<\/h3>\n<p>&nbsp;<\/p>\n","protected":false},"excerpt":{"rendered":"<p>A felhaszn\u00e1lt hangtechnika: 2 db Rcf Art 715-A Mk4 akt\u00edv hangfal p\u00e1r \u00a0 1 db Pioneer\u00a0 Xdj-Rx3 dj pult \u00a0 1 db Akg Dms300-Vocal mikrofon \u00a0 1 db K\u00f6nig &amp; Meyer mikrofon\u00e1llv\u00e1ny \u00a0 A felhaszn\u00e1lt f\u00e9nytechnika: 2 db Chauvet GigBar 2.0 \u00a0 1 db\u2002BeamZ S700 f\u00fcstg\u00e9p \u00a0 Vizu\u00e1lis ig\u00e9nyek eset\u00e9n: Ape Labs Apelight Maxi (12 [&hellip;]<\/p>\n","protected":false},"author":3,"featured_media":0,"parent":0,"menu_order":0,"comment_status":"closed","ping_status":"closed","template":"","meta":{"footnotes":""},"class_list":["post-541","page","type-page","status-publish","hentry"],"_links":{"self":[{"href":"https:\/\/djmits.hu\/index.php?rest_route=\/wp\/v2\/pages\/541","targetHints":{"allow":["GET"]}}],"collection":[{"href":"https:\/\/djmits.hu\/index.php?rest_route=\/wp\/v2\/pages"}],"about":[{"href":"https:\/\/djmits.hu\/index.php?rest_route=\/wp\/v2\/types\/page"}],"author":[{"embeddable":true,"href":"https:\/\/djmits.hu\/index.php?rest_route=\/wp\/v2\/users\/3"}],"replies":[{"embeddable":true,"href":"https:\/\/djmits.hu\/index.php?rest_route=%2Fwp%2Fv2%2Fcomments&post=541"}],"version-history":[{"count":40,"href":"https:\/\/djmits.hu\/index.php?rest_route=\/wp\/v2\/pages\/541\/revisions"}],"predecessor-version":[{"id":1152,"href":"https:\/\/djmits.hu\/index.php?rest_route=\/wp\/v2\/pages\/541\/revisions\/1152"}],"wp:attachment":[{"href":"https:\/\/djmits.hu\/index.php?rest_route=%2Fwp%2Fv2%2Fmedia&parent=541"}],"curies":[{"name":"wp","href":"https:\/\/api.w.org\/{rel}","templated":true}]}}